{"id":2019,"date":"2017-10-11T15:08:10","date_gmt":"2017-10-11T08:08:10","guid":{"rendered":"http:\/\/demo-vankienkhang.beha.vn\/?page_id=2019"},"modified":"2017-10-11T15:08:37","modified_gmt":"2017-10-11T08:08:37","slug":"design","status":"publish","type":"page","link":"https:\/\/vjccons.com.vn\/en\/design.php\/","title":{"rendered":"Design"},"content":{"rendered":"","protected":false},"excerpt":{"rendered":"","protected":false},"author":3,"featured_media":0,"parent":0,"menu_order":0,"comment_status":"closed","ping_status":"closed","template":"template-design.php","meta":{"footnotes":""},"yoast_head":"<!-- This site is optimized with the Yoast SEO plugin v22.7 - https:\/\/yoast.com\/wordpress\/plugins\/seo\/ -->\n<title>Design - V\u1ea1n Ki\u1ebfn Khang<\/title>\n<meta name=\"description\" content=\"Thi\u1ebft k\u1ebf v\u00e0 thi c\u00f4ng nh\u00e0 \u0111\u1eb9p t\u1ea1i \u0110\u00e0 N\u1eb5ng, C\u00f4ng ty ki\u1ebfn tr\u00fac, Thi\u1ebft k\u1ebf n\u1ed9i th\u1ea5t \u0111\u1eb9p, Thi\u1ebft k\u1ebf nh\u00e0 theo phong th\u1ee7y, Thi c\u00f4ng nh\u00e0 t\u1ea1i \u0110\u00e0 N\u1eb5ng, Thi c\u00f4ng x\u00e2y l\u1eafp c\u00f4ng tr\u00ecnh, X\u00e2y d\u1ef1ng nh\u00e0, X\u00e2y nh\u00e0 \u0111\u1eb9p, VJC, Gi\u00e1m \u0111\u1ecbnh thi\u1ec7t h\u1ea1i, thi\u1ebft k\u1ebf nh\u00e0, nh\u00e0 \u0111\u1eb9p, thi\u1ebft k\u1ebf nh\u00e0 \u0111\u1eb9p, thiet ke nha dep, m\u1eabu nh\u00e0 \u0111\u1eb9p, mau nha dep, nh\u1eefng m\u1eabu nh\u00e0 \u0111\u1eb9p, nhung mau nha dep, thi\u1ebft k\u1ebf n\u1ed9i th\u1ea5t, thiet ke biet thu, thi\u1ebft k\u1ebf bi\u1ec7t th\u1ef1 \u0111\u1eb9p, thiet ke biet thu dep, thiet ke nha pho, nh\u1eefng ng\u00f4i nh\u00e0 \u0111\u1eb9p, c\u00e1c m\u1eabu nh\u00e0 \u0111\u1eb9p, bi\u1ec7t th\u1ef1 \u0111\u1eb9p, biet thu dep, nha biet thu dep, m\u1eabu bi\u1ec7t th\u1ef1 \u0111\u1eb9p, mau biet thu dep, m\u1eabu nh\u00e0 bi\u1ec7t th\u1ef1 \u0111\u1eb9p, mau biet thu, bi\u1ec7t th\u1ef1 nh\u00e0 v\u01b0\u1eddn, biet thu vuon, bi\u1ec7t th\u1ef1 2 t\u1ea7ng \u0111\u1eb9p, biet thu 2 tang, m\u1eabu bi\u1ec7t th\u1ef1 2 t\u1ea7ng \u0111\u1eb9p, nha pho dep, mau nha ong dep, nha ong dep, n\u1ed9i th\u1ea5t nh\u00e0 \u0111\u1eb9p, nh\u00e0 ph\u1ed1 \u0111\u1eb9p, nha dep 2 tang, m\u1eabu nh\u00e0 2 t\u1ea7ng \u0111\u1eb9p, nha pho, m\u1eabu nh\u00e0 \u1ed1ng \u0111\u1eb9p, nh\u00e0 bi\u1ec7t th\u1ef1, gi\u00e1 thi\u1ebft k\u1ebf nh\u00e0\" \/>\n<meta name=\"robots\" content=\"index, follow, max-snippet:-1, max-image-preview:large, max-video-preview:-1\" \/>\n<link rel=\"canonical\" href=\"https:\/\/vjccons.com.vn\/design.php\/\" \/>\n<meta property=\"og:locale\" content=\"en_US\" \/>\n<meta property=\"og:type\" content=\"article\" \/>\n<meta property=\"og:title\" content=\"[:vi]Thi\u1ebft k\u1ebf[:en]Design[:] - V\u1ea1n Ki\u1ebfn Khang\" \/>\n<meta property=\"og:description\" content=\"Thi\u1ebft k\u1ebf v\u00e0 thi c\u00f4ng nh\u00e0 \u0111\u1eb9p t\u1ea1i \u0110\u00e0 N\u1eb5ng, C\u00f4ng ty ki\u1ebfn tr\u00fac, Thi\u1ebft k\u1ebf n\u1ed9i th\u1ea5t \u0111\u1eb9p, Thi\u1ebft k\u1ebf nh\u00e0 theo phong th\u1ee7y, Thi c\u00f4ng nh\u00e0 t\u1ea1i \u0110\u00e0 N\u1eb5ng, Thi c\u00f4ng x\u00e2y l\u1eafp c\u00f4ng tr\u00ecnh, X\u00e2y d\u1ef1ng nh\u00e0, X\u00e2y nh\u00e0 \u0111\u1eb9p, VJC, Gi\u00e1m \u0111\u1ecbnh thi\u1ec7t h\u1ea1i, thi\u1ebft k\u1ebf nh\u00e0, nh\u00e0 \u0111\u1eb9p, thi\u1ebft k\u1ebf nh\u00e0 \u0111\u1eb9p, thiet ke nha dep, m\u1eabu nh\u00e0 \u0111\u1eb9p, mau nha dep, nh\u1eefng m\u1eabu nh\u00e0 \u0111\u1eb9p, nhung mau nha dep, thi\u1ebft k\u1ebf n\u1ed9i th\u1ea5t, thiet ke biet thu, thi\u1ebft k\u1ebf bi\u1ec7t th\u1ef1 \u0111\u1eb9p, thiet ke biet thu dep, thiet ke nha pho, nh\u1eefng ng\u00f4i nh\u00e0 \u0111\u1eb9p, c\u00e1c m\u1eabu nh\u00e0 \u0111\u1eb9p, bi\u1ec7t th\u1ef1 \u0111\u1eb9p, biet thu dep, nha biet thu dep, m\u1eabu bi\u1ec7t th\u1ef1 \u0111\u1eb9p, mau biet thu dep, m\u1eabu nh\u00e0 bi\u1ec7t th\u1ef1 \u0111\u1eb9p, mau biet thu, bi\u1ec7t th\u1ef1 nh\u00e0 v\u01b0\u1eddn, biet thu vuon, bi\u1ec7t th\u1ef1 2 t\u1ea7ng \u0111\u1eb9p, biet thu 2 tang, m\u1eabu bi\u1ec7t th\u1ef1 2 t\u1ea7ng \u0111\u1eb9p, nha pho dep, mau nha ong dep, nha ong dep, n\u1ed9i th\u1ea5t nh\u00e0 \u0111\u1eb9p, nh\u00e0 ph\u1ed1 \u0111\u1eb9p, nha dep 2 tang, m\u1eabu nh\u00e0 2 t\u1ea7ng \u0111\u1eb9p, nha pho, m\u1eabu nh\u00e0 \u1ed1ng \u0111\u1eb9p, nh\u00e0 bi\u1ec7t th\u1ef1, gi\u00e1 thi\u1ebft k\u1ebf nh\u00e0\" \/>\n<meta property=\"og:url\" content=\"https:\/\/vjccons.com.vn\/design.php\/\" \/>\n<meta property=\"og:site_name\" content=\"V\u1ea1n Ki\u1ebfn Khang\" \/>\n<meta property=\"article:modified_time\" content=\"2017-10-11T08:08:37+00:00\" \/>\n<meta name=\"twitter:card\" content=\"summary_large_image\" \/>\n<script type=\"application\/ld+json\" class=\"yoast-schema-graph\">{\"@context\":\"https:\/\/schema.org\",\"@graph\":[{\"@type\":\"WebPage\",\"@id\":\"https:\/\/vjccons.com.vn\/design.php\/\",\"url\":\"https:\/\/vjccons.com.vn\/design.php\/\",\"name\":\"[:vi]Thi\u1ebft k\u1ebf[:en]Design[:] - V\u1ea1n Ki\u1ebfn Khang\",\"isPartOf\":{\"@id\":\"https:\/\/vjccons.com.vn\/#website\"},\"datePublished\":\"2017-10-11T08:08:10+00:00\",\"dateModified\":\"2017-10-11T08:08:37+00:00\",\"description\":\"Thi\u1ebft k\u1ebf v\u00e0 thi c\u00f4ng nh\u00e0 \u0111\u1eb9p t\u1ea1i \u0110\u00e0 N\u1eb5ng, C\u00f4ng ty ki\u1ebfn tr\u00fac, Thi\u1ebft k\u1ebf n\u1ed9i th\u1ea5t \u0111\u1eb9p, Thi\u1ebft k\u1ebf nh\u00e0 theo phong th\u1ee7y, Thi c\u00f4ng nh\u00e0 t\u1ea1i \u0110\u00e0 N\u1eb5ng, Thi c\u00f4ng x\u00e2y l\u1eafp c\u00f4ng tr\u00ecnh, X\u00e2y d\u1ef1ng nh\u00e0, X\u00e2y nh\u00e0 \u0111\u1eb9p, VJC, Gi\u00e1m \u0111\u1ecbnh thi\u1ec7t h\u1ea1i, thi\u1ebft k\u1ebf nh\u00e0, nh\u00e0 \u0111\u1eb9p, thi\u1ebft k\u1ebf nh\u00e0 \u0111\u1eb9p, thiet ke nha dep, m\u1eabu nh\u00e0 \u0111\u1eb9p, mau nha dep, nh\u1eefng m\u1eabu nh\u00e0 \u0111\u1eb9p, nhung mau nha dep, thi\u1ebft k\u1ebf n\u1ed9i th\u1ea5t, thiet ke biet thu, thi\u1ebft k\u1ebf bi\u1ec7t th\u1ef1 \u0111\u1eb9p, thiet ke biet thu dep, thiet ke nha pho, nh\u1eefng ng\u00f4i nh\u00e0 \u0111\u1eb9p, c\u00e1c m\u1eabu nh\u00e0 \u0111\u1eb9p, bi\u1ec7t th\u1ef1 \u0111\u1eb9p, biet thu dep, nha biet thu dep, m\u1eabu bi\u1ec7t th\u1ef1 \u0111\u1eb9p, mau biet thu dep, m\u1eabu nh\u00e0 bi\u1ec7t th\u1ef1 \u0111\u1eb9p, mau biet thu, bi\u1ec7t th\u1ef1 nh\u00e0 v\u01b0\u1eddn, biet thu vuon, bi\u1ec7t th\u1ef1 2 t\u1ea7ng \u0111\u1eb9p, biet thu 2 tang, m\u1eabu bi\u1ec7t th\u1ef1 2 t\u1ea7ng \u0111\u1eb9p, nha pho dep, mau nha ong dep, nha ong dep, n\u1ed9i th\u1ea5t nh\u00e0 \u0111\u1eb9p, nh\u00e0 ph\u1ed1 \u0111\u1eb9p, nha dep 2 tang, m\u1eabu nh\u00e0 2 t\u1ea7ng \u0111\u1eb9p, nha pho, m\u1eabu nh\u00e0 \u1ed1ng \u0111\u1eb9p, nh\u00e0 bi\u1ec7t th\u1ef1, gi\u00e1 thi\u1ebft k\u1ebf nh\u00e0\",\"breadcrumb\":{\"@id\":\"https:\/\/vjccons.com.vn\/design.php\/#breadcrumb\"},\"inLanguage\":\"en-US\",\"potentialAction\":[{\"@type\":\"ReadAction\",\"target\":[\"https:\/\/vjccons.com.vn\/design.php\/\"]}]},{\"@type\":\"BreadcrumbList\",\"@id\":\"https:\/\/vjccons.com.vn\/design.php\/#breadcrumb\",\"itemListElement\":[{\"@type\":\"ListItem\",\"position\":1,\"name\":\"Home\",\"item\":\"https:\/\/vjccons.com.vn\/\"},{\"@type\":\"ListItem\",\"position\":2,\"name\":\"Thi\u1ebft k\u1ebf\"}]},{\"@type\":\"WebSite\",\"@id\":\"https:\/\/vjccons.com.vn\/#website\",\"url\":\"https:\/\/vjccons.com.vn\/\",\"name\":\"V\u1ea1n Ki\u1ebfn Khang\",\"description\":\"Thi\u1ebft k\u1ebf v\u00e0 thi c\u00f4ng nh\u00e0 chuy\u00ean nghi\u1ec7p\",\"publisher\":{\"@id\":\"https:\/\/vjccons.com.vn\/#organization\"},\"potentialAction\":[{\"@type\":\"SearchAction\",\"target\":{\"@type\":\"EntryPoint\",\"urlTemplate\":\"https:\/\/vjccons.com.vn\/?s={search_term_string}\"},\"query-input\":\"required name=search_term_string\"}],\"inLanguage\":\"en-US\"},{\"@type\":\"Organization\",\"@id\":\"https:\/\/vjccons.com.vn\/#organization\",\"name\":\"C\u00f4ng Ty C\u1ed5 Ph\u1ea7n V\u1ea1n Ki\u1ebfn Khang\",\"url\":\"https:\/\/vjccons.com.vn\/\",\"logo\":{\"@type\":\"ImageObject\",\"inLanguage\":\"en-US\",\"@id\":\"https:\/\/vjccons.com.vn\/#\/schema\/logo\/image\/\",\"url\":\"https:\/\/vjccons.com.vn\/wp-content\/uploads\/2017\/10\/cropped-logo_vankienkhang.png\",\"contentUrl\":\"https:\/\/vjccons.com.vn\/wp-content\/uploads\/2017\/10\/cropped-logo_vankienkhang.png\",\"width\":512,\"height\":512,\"caption\":\"C\u00f4ng Ty C\u1ed5 Ph\u1ea7n V\u1ea1n Ki\u1ebfn Khang\"},\"image\":{\"@id\":\"https:\/\/vjccons.com.vn\/#\/schema\/logo\/image\/\"}}]}<\/script>\n<!-- \/ Yoast SEO plugin. -->","yoast_head_json":{"title":"[:vi]Thi\u1ebft k\u1ebf[:en]Design[:] - V\u1ea1n Ki\u1ebfn Khang","description":"Thi\u1ebft k\u1ebf v\u00e0 thi c\u00f4ng nh\u00e0 \u0111\u1eb9p t\u1ea1i \u0110\u00e0 N\u1eb5ng, C\u00f4ng ty ki\u1ebfn tr\u00fac, Thi\u1ebft k\u1ebf n\u1ed9i th\u1ea5t \u0111\u1eb9p, Thi\u1ebft k\u1ebf nh\u00e0 theo phong th\u1ee7y, Thi c\u00f4ng nh\u00e0 t\u1ea1i \u0110\u00e0 N\u1eb5ng, Thi c\u00f4ng x\u00e2y l\u1eafp c\u00f4ng tr\u00ecnh, X\u00e2y d\u1ef1ng nh\u00e0, X\u00e2y nh\u00e0 \u0111\u1eb9p, VJC, Gi\u00e1m \u0111\u1ecbnh thi\u1ec7t h\u1ea1i, thi\u1ebft k\u1ebf nh\u00e0, nh\u00e0 \u0111\u1eb9p, thi\u1ebft k\u1ebf nh\u00e0 \u0111\u1eb9p, thiet ke nha dep, m\u1eabu nh\u00e0 \u0111\u1eb9p, mau nha dep, nh\u1eefng m\u1eabu nh\u00e0 \u0111\u1eb9p, nhung mau nha dep, thi\u1ebft k\u1ebf n\u1ed9i th\u1ea5t, thiet ke biet thu, thi\u1ebft k\u1ebf bi\u1ec7t th\u1ef1 \u0111\u1eb9p, thiet ke biet thu dep, thiet ke nha pho, nh\u1eefng ng\u00f4i nh\u00e0 \u0111\u1eb9p, c\u00e1c m\u1eabu nh\u00e0 \u0111\u1eb9p, bi\u1ec7t th\u1ef1 \u0111\u1eb9p, biet thu dep, nha biet thu dep, m\u1eabu bi\u1ec7t th\u1ef1 \u0111\u1eb9p, mau biet thu dep, m\u1eabu nh\u00e0 bi\u1ec7t th\u1ef1 \u0111\u1eb9p, mau biet thu, bi\u1ec7t th\u1ef1 nh\u00e0 v\u01b0\u1eddn, biet thu vuon, bi\u1ec7t th\u1ef1 2 t\u1ea7ng \u0111\u1eb9p, biet thu 2 tang, m\u1eabu bi\u1ec7t th\u1ef1 2 t\u1ea7ng \u0111\u1eb9p, nha pho dep, mau nha ong dep, nha ong dep, n\u1ed9i th\u1ea5t nh\u00e0 \u0111\u1eb9p, nh\u00e0 ph\u1ed1 \u0111\u1eb9p, nha dep 2 tang, m\u1eabu nh\u00e0 2 t\u1ea7ng \u0111\u1eb9p, nha pho, m\u1eabu nh\u00e0 \u1ed1ng \u0111\u1eb9p, nh\u00e0 bi\u1ec7t th\u1ef1, gi\u00e1 thi\u1ebft k\u1ebf nh\u00e0","robots":{"index":"index","follow":"follow","max-snippet":"max-snippet:-1","max-image-preview":"max-image-preview:large","max-video-preview":"max-video-preview:-1"},"canonical":"https:\/\/vjccons.com.vn\/design.php\/","og_locale":"en_US","og_type":"article","og_title":"[:vi]Thi\u1ebft k\u1ebf[:en]Design[:] - V\u1ea1n Ki\u1ebfn Khang","og_description":"Thi\u1ebft k\u1ebf v\u00e0 thi c\u00f4ng nh\u00e0 \u0111\u1eb9p t\u1ea1i \u0110\u00e0 N\u1eb5ng, C\u00f4ng ty ki\u1ebfn tr\u00fac, Thi\u1ebft k\u1ebf n\u1ed9i th\u1ea5t \u0111\u1eb9p, Thi\u1ebft k\u1ebf nh\u00e0 theo phong th\u1ee7y, Thi c\u00f4ng nh\u00e0 t\u1ea1i \u0110\u00e0 N\u1eb5ng, Thi c\u00f4ng x\u00e2y l\u1eafp c\u00f4ng tr\u00ecnh, X\u00e2y d\u1ef1ng nh\u00e0, X\u00e2y nh\u00e0 \u0111\u1eb9p, VJC, Gi\u00e1m \u0111\u1ecbnh thi\u1ec7t h\u1ea1i, thi\u1ebft k\u1ebf nh\u00e0, nh\u00e0 \u0111\u1eb9p, thi\u1ebft k\u1ebf nh\u00e0 \u0111\u1eb9p, thiet ke nha dep, m\u1eabu nh\u00e0 \u0111\u1eb9p, mau nha dep, nh\u1eefng m\u1eabu nh\u00e0 \u0111\u1eb9p, nhung mau nha dep, thi\u1ebft k\u1ebf n\u1ed9i th\u1ea5t, thiet ke biet thu, thi\u1ebft k\u1ebf bi\u1ec7t th\u1ef1 \u0111\u1eb9p, thiet ke biet thu dep, thiet ke nha pho, nh\u1eefng ng\u00f4i nh\u00e0 \u0111\u1eb9p, c\u00e1c m\u1eabu nh\u00e0 \u0111\u1eb9p, bi\u1ec7t th\u1ef1 \u0111\u1eb9p, biet thu dep, nha biet thu dep, m\u1eabu bi\u1ec7t th\u1ef1 \u0111\u1eb9p, mau biet thu dep, m\u1eabu nh\u00e0 bi\u1ec7t th\u1ef1 \u0111\u1eb9p, mau biet thu, bi\u1ec7t th\u1ef1 nh\u00e0 v\u01b0\u1eddn, biet thu vuon, bi\u1ec7t th\u1ef1 2 t\u1ea7ng \u0111\u1eb9p, biet thu 2 tang, m\u1eabu bi\u1ec7t th\u1ef1 2 t\u1ea7ng \u0111\u1eb9p, nha pho dep, mau nha ong dep, nha ong dep, n\u1ed9i th\u1ea5t nh\u00e0 \u0111\u1eb9p, nh\u00e0 ph\u1ed1 \u0111\u1eb9p, nha dep 2 tang, m\u1eabu nh\u00e0 2 t\u1ea7ng \u0111\u1eb9p, nha pho, m\u1eabu nh\u00e0 \u1ed1ng \u0111\u1eb9p, nh\u00e0 bi\u1ec7t th\u1ef1, gi\u00e1 thi\u1ebft k\u1ebf nh\u00e0","og_url":"https:\/\/vjccons.com.vn\/design.php\/","og_site_name":"V\u1ea1n Ki\u1ebfn Khang","article_modified_time":"2017-10-11T08:08:37+00:00","twitter_card":"summary_large_image","schema":{"@context":"https:\/\/schema.org","@graph":[{"@type":"WebPage","@id":"https:\/\/vjccons.com.vn\/design.php\/","url":"https:\/\/vjccons.com.vn\/design.php\/","name":"[:vi]Thi\u1ebft k\u1ebf[:en]Design[:] - V\u1ea1n Ki\u1ebfn Khang","isPartOf":{"@id":"https:\/\/vjccons.com.vn\/#website"},"datePublished":"2017-10-11T08:08:10+00:00","dateModified":"2017-10-11T08:08:37+00:00","description":"Thi\u1ebft k\u1ebf v\u00e0 thi c\u00f4ng nh\u00e0 \u0111\u1eb9p t\u1ea1i \u0110\u00e0 N\u1eb5ng, C\u00f4ng ty ki\u1ebfn tr\u00fac, Thi\u1ebft k\u1ebf n\u1ed9i th\u1ea5t \u0111\u1eb9p, Thi\u1ebft k\u1ebf nh\u00e0 theo phong th\u1ee7y, Thi c\u00f4ng nh\u00e0 t\u1ea1i \u0110\u00e0 N\u1eb5ng, Thi c\u00f4ng x\u00e2y l\u1eafp c\u00f4ng tr\u00ecnh, X\u00e2y d\u1ef1ng nh\u00e0, X\u00e2y nh\u00e0 \u0111\u1eb9p, VJC, Gi\u00e1m \u0111\u1ecbnh thi\u1ec7t h\u1ea1i, thi\u1ebft k\u1ebf nh\u00e0, nh\u00e0 \u0111\u1eb9p, thi\u1ebft k\u1ebf nh\u00e0 \u0111\u1eb9p, thiet ke nha dep, m\u1eabu nh\u00e0 \u0111\u1eb9p, mau nha dep, nh\u1eefng m\u1eabu nh\u00e0 \u0111\u1eb9p, nhung mau nha dep, thi\u1ebft k\u1ebf n\u1ed9i th\u1ea5t, thiet ke biet thu, thi\u1ebft k\u1ebf bi\u1ec7t th\u1ef1 \u0111\u1eb9p, thiet ke biet thu dep, thiet ke nha pho, nh\u1eefng ng\u00f4i nh\u00e0 \u0111\u1eb9p, c\u00e1c m\u1eabu nh\u00e0 \u0111\u1eb9p, bi\u1ec7t th\u1ef1 \u0111\u1eb9p, biet thu dep, nha biet thu dep, m\u1eabu bi\u1ec7t th\u1ef1 \u0111\u1eb9p, mau biet thu dep, m\u1eabu nh\u00e0 bi\u1ec7t th\u1ef1 \u0111\u1eb9p, mau biet thu, bi\u1ec7t th\u1ef1 nh\u00e0 v\u01b0\u1eddn, biet thu vuon, bi\u1ec7t th\u1ef1 2 t\u1ea7ng \u0111\u1eb9p, biet thu 2 tang, m\u1eabu bi\u1ec7t th\u1ef1 2 t\u1ea7ng \u0111\u1eb9p, nha pho dep, mau nha ong dep, nha ong dep, n\u1ed9i th\u1ea5t nh\u00e0 \u0111\u1eb9p, nh\u00e0 ph\u1ed1 \u0111\u1eb9p, nha dep 2 tang, m\u1eabu nh\u00e0 2 t\u1ea7ng \u0111\u1eb9p, nha pho, m\u1eabu nh\u00e0 \u1ed1ng \u0111\u1eb9p, nh\u00e0 bi\u1ec7t th\u1ef1, gi\u00e1 thi\u1ebft k\u1ebf nh\u00e0","breadcrumb":{"@id":"https:\/\/vjccons.com.vn\/design.php\/#breadcrumb"},"inLanguage":"en-US","potentialAction":[{"@type":"ReadAction","target":["https:\/\/vjccons.com.vn\/design.php\/"]}]},{"@type":"BreadcrumbList","@id":"https:\/\/vjccons.com.vn\/design.php\/#breadcrumb","itemListElement":[{"@type":"ListItem","position":1,"name":"Home","item":"https:\/\/vjccons.com.vn\/"},{"@type":"ListItem","position":2,"name":"Thi\u1ebft k\u1ebf"}]},{"@type":"WebSite","@id":"https:\/\/vjccons.com.vn\/#website","url":"https:\/\/vjccons.com.vn\/","name":"V\u1ea1n Ki\u1ebfn Khang","description":"Thi\u1ebft k\u1ebf v\u00e0 thi c\u00f4ng nh\u00e0 chuy\u00ean nghi\u1ec7p","publisher":{"@id":"https:\/\/vjccons.com.vn\/#organization"},"potentialAction":[{"@type":"SearchAction","target":{"@type":"EntryPoint","urlTemplate":"https:\/\/vjccons.com.vn\/?s={search_term_string}"},"query-input":"required name=search_term_string"}],"inLanguage":"en-US"},{"@type":"Organization","@id":"https:\/\/vjccons.com.vn\/#organization","name":"C\u00f4ng Ty C\u1ed5 Ph\u1ea7n V\u1ea1n Ki\u1ebfn Khang","url":"https:\/\/vjccons.com.vn\/","logo":{"@type":"ImageObject","inLanguage":"en-US","@id":"https:\/\/vjccons.com.vn\/#\/schema\/logo\/image\/","url":"https:\/\/vjccons.com.vn\/wp-content\/uploads\/2017\/10\/cropped-logo_vankienkhang.png","contentUrl":"https:\/\/vjccons.com.vn\/wp-content\/uploads\/2017\/10\/cropped-logo_vankienkhang.png","width":512,"height":512,"caption":"C\u00f4ng Ty C\u1ed5 Ph\u1ea7n V\u1ea1n Ki\u1ebfn Khang"},"image":{"@id":"https:\/\/vjccons.com.vn\/#\/schema\/logo\/image\/"}}]}},"_links":{"self":[{"href":"https:\/\/vjccons.com.vn\/en\/wp-json\/wp\/v2\/pages\/2019"}],"collection":[{"href":"https:\/\/vjccons.com.vn\/en\/wp-json\/wp\/v2\/pages"}],"about":[{"href":"https:\/\/vjccons.com.vn\/en\/wp-json\/wp\/v2\/types\/page"}],"author":[{"embeddable":true,"href":"https:\/\/vjccons.com.vn\/en\/wp-json\/wp\/v2\/users\/3"}],"replies":[{"embeddable":true,"href":"https:\/\/vjccons.com.vn\/en\/wp-json\/wp\/v2\/comments?post=2019"}],"version-history":[{"count":1,"href":"https:\/\/vjccons.com.vn\/en\/wp-json\/wp\/v2\/pages\/2019\/revisions"}],"predecessor-version":[{"id":2020,"href":"https:\/\/vjccons.com.vn\/en\/wp-json\/wp\/v2\/pages\/2019\/revisions\/2020"}],"wp:attachment":[{"href":"https:\/\/vjccons.com.vn\/en\/wp-json\/wp\/v2\/media?parent=2019"}],"curies":[{"name":"wp","href":"https:\/\/api.w.org\/{rel}","templated":true}]}}